{"id":2873,"date":"2014-09-02T09:35:47","date_gmt":"2014-09-02T09:35:47","guid":{"rendered":"http:\/\/us-themes.com\/wp\/ImprezaXML\/?page_id=2873"},"modified":"2016-07-22T11:25:48","modified_gmt":"2016-07-22T17:25:48","slug":"portafolio","status":"publish","type":"page","link":"https:\/\/www.etico.mx\/?page_id=2873","title":{"rendered":"Portafolio"},"content":{"rendered":"<section class=\"l-section wpb_row height_medium\"><div class=\"l-section-h i-cf\"><div class=\"g-cols offset_medium\"><div class=\" two-thirds\"><div class=\"w-tabs navpos_left navwidth_auto title_left layout_ver icon_chevron iconpos_right \"><div class=\"w-tabs-list items_3\"><div class=\"w-tabs-list-h\"><div class=\"w-tabs-item active\"><a href=\"#Servicios\" class=\"w-tabs-item-h\"><span class=\"w-tabs-item-title\">Servicios<\/span><\/a><\/div>\n<div class=\"w-tabs-item\"><a href=\"#Infraestructura\" class=\"w-tabs-item-h\"><span class=\"w-tabs-item-title\">Infraestructura<\/span><\/a><\/div>\n<div class=\"w-tabs-item\"><a href=\"#Telecomunicaciones\" class=\"w-tabs-item-h\"><span class=\"w-tabs-item-title\">Telecomunicaciones<\/span><\/a><\/div>\n<\/div><\/div><div class=\"w-tabs-sections\"><div class=\"w-tabs-sections-h\"><div class=\"w-tabs-section active\" id=\"Servicios\"><a href=\"#Servicios\" class=\"w-tabs-section-header\"><div class=\"w-tabs-section-header-h\"><h5 class=\"w-tabs-section-title\">Servicios<\/h5><div class=\"w-tabs-section-control\"><\/div><\/div><\/a><div class=\"w-tabs-section-content\"><div class=\"w-tabs-section-content-h i-cf\"><div class=\"wpb_text_column \"><div class=\"wpb_wrapper\"><p>Servicios.<\/p>\n<ol>\n<li>Desarrollo de software especializado. Desarrollamos aplicaciones m\u00f3viles y de escritorio a la medida de las necesidades del cliente<\/li>\n<li>Outsourcing de TI. Servicio de outsourcing especializado.<\/li>\n<li>Servicios de virtualizaci\u00f3n y cloud-computing.<\/li>\n<li>Desarrollos electr\u00f3nicos a la medida (control, automatizaci\u00f3n).<\/li>\n<\/ol>\n<\/p><\/div> <\/div> <\/div><\/div><\/div><div class=\"w-tabs-section\" id=\"Infraestructura\"><a href=\"#Infraestructura\" class=\"w-tabs-section-header\"><div class=\"w-tabs-section-header-h\"><h5 class=\"w-tabs-section-title\">Infraestructura<\/h5><div class=\"w-tabs-section-control\"><\/div><\/div><\/a><div class=\"w-tabs-section-content\"><div class=\"w-tabs-section-content-h i-cf\"><div class=\"wpb_text_column \"><div class=\"wpb_wrapper\"><p>Infraestructura.<\/p>\n<ol>\n<li>Instalaci\u00f3n de cableado estructurado y construcci\u00f3n de Datacenters.<\/li>\n<\/ol>\n<p>Las instalaciones de cableado estructurado, fibra \u00f3ptica y el\u00e9ctricas son llevadas a cabo bajo normas internacionales. Permitiendo la transmisi\u00f3n adecuada y confiable de los datos para la operaci\u00f3n de la red de nuestros clientes.<\/p>\n<ol>\n<li>Instalaci\u00f3n de Edificios inteligentes.<\/li>\n<\/ol>\n<p>Automatizaci\u00f3n de edificios, elevadores, c\u00e1maras de CCTV, aire acondicionado, iluminaci\u00f3n y controles de acceso.<\/p>\n<ol>\n<li>Instalaci\u00f3n de Paneles Solares.<\/li>\n<li>Instalaci\u00f3n de circuito cerrado de televisi\u00f3n.<\/li>\n<li>Instalaci\u00f3n de tierras f\u00edsicas, apartarrayos.<\/li>\n<li>Instalaci\u00f3n de aire acondicionado.<\/li>\n<\/ol>\n<\/p><\/div> <\/div> <\/div><\/div><\/div><div class=\"w-tabs-section\" id=\"Telecomunicaciones\"><a href=\"#Telecomunicaciones\" class=\"w-tabs-section-header\"><div class=\"w-tabs-section-header-h\"><h5 class=\"w-tabs-section-title\">Telecomunicaciones<\/h5><div class=\"w-tabs-section-control\"><\/div><\/div><\/a><div class=\"w-tabs-section-content\"><div class=\"w-tabs-section-content-h i-cf\"><div class=\"wpb_text_column \"><div class=\"wpb_wrapper\"><p>Telecomunicaciones<\/p>\n<ol>\n<li>Comunicaciones unificadas.<\/li>\n<\/ol>\n<p>Soluciones de seguridad y protecci\u00f3n de datos, manejo de redes virtuales privadas y conexiones estables para el tr\u00e1fico de voz sobre IP.<\/p><\/div> <\/div> <\/div><\/div><\/div><\/div><\/div><\/div><\/div><div class=\" one-third\"><\/div><\/div><\/div><\/section>\n","protected":false},"excerpt":{"rendered":"Servicios Infraestructura Telecomunicaciones ServiciosServicios. Desarrollo de software especializado. Desarrollamos aplicaciones m\u00f3viles y de escritorio a la medida de las necesidades del cliente Outsourcing de TI. Servicio de outsourcing especializado. Servicios de virtualizaci\u00f3n y cloud-computing. Desarrollos electr\u00f3nicos a la medida (control,...","protected":false},"author":1,"featured_media":0,"parent":0,"menu_order":0,"comment_status":"closed","ping_status":"closed","template":"","meta":[],"_links":{"self":[{"href":"https:\/\/www.etico.mx\/index.php?rest_route=\/wp\/v2\/pages\/2873"}],"collection":[{"href":"https:\/\/www.etico.mx\/index.php?rest_route=\/wp\/v2\/pages"}],"about":[{"href":"https:\/\/www.etico.mx\/index.php?rest_route=\/wp\/v2\/types\/page"}],"author":[{"embeddable":true,"href":"https:\/\/www.etico.mx\/index.php?rest_route=\/wp\/v2\/users\/1"}],"replies":[{"embeddable":true,"href":"https:\/\/www.etico.mx\/index.php?rest_route=%2Fwp%2Fv2%2Fcomments&post=2873"}],"version-history":[{"count":6,"href":"https:\/\/www.etico.mx\/index.php?rest_route=\/wp\/v2\/pages\/2873\/revisions"}],"predecessor-version":[{"id":5509,"href":"https:\/\/www.etico.mx\/index.php?rest_route=\/wp\/v2\/pages\/2873\/revisions\/5509"}],"wp:attachment":[{"href":"https:\/\/www.etico.mx\/index.php?rest_route=%2Fwp%2Fv2%2Fmedia&parent=2873"}],"curies":[{"name":"wp","href":"https:\/\/api.w.org\/{rel}","templated":true}]}}