{"id":5513,"date":"2020-08-20T08:17:15","date_gmt":"2020-08-20T14:17:15","guid":{"rendered":"https:\/\/www.etico.mx\/?post_type=product&#038;p=5513"},"modified":"2020-09-17T14:39:45","modified_gmt":"2020-09-17T20:39:45","slug":"brio","status":"publish","type":"product","link":"https:\/\/www.etico.mx\/?product=brio","title":{"rendered":"Brio"},"content":{"rendered":"<p>Brio ofrece la mejor de sus c\u00e1maras Web, con 4K UHD y zoom 5X para una calidad de v\u00eddeo realmente extraordinaria. El sensor de imagen 4K de la c\u00e1mara BRIO es una mina de posibilidades de pr\u00f3xima generaci\u00f3n que permite zoom digital 5X, frecuencias de cuadro altas y diversos valores de resoluci\u00f3n al servicio de cualquier entorno de sistema, individual o en red. Logitech RightLight&#x2122; 3 con HDR ayuda a ofrecer la mejor imagen en cualquier condici\u00f3n de iluminaci\u00f3n, desde luz escasa a luz solar directa. Los componentes \u00f3pticos avanzados de Logitech contribuyen a la nitidez de v\u00eddeo con enfoque autom\u00e1tico y opciones de campo de visi\u00f3n de 65\u00b0, 78\u00b0 y 90\u00b0.<\/p>\n<p>BRIO tambi\u00e9n incluye &#8220;extras&#8221;, como la posibilidad de inicios de sesi\u00f3n mediante reconocimiento facial por infrarrojos, para mayor seguridad de uso; la compatibilidad con Microsoft Cortana\u00ae; diversos tipos de conexi\u00f3n admitidos; y montaje de la c\u00e1mara donde m\u00e1s convenga: En un monitor LCD, un notebook o sobre una mesa, usando el clip extra\u00edble o la rosca para tr\u00edpode integrada.<\/p>\n<p style=\"text-align: center;\"><strong>CARACTER\u00cdSTICAS M\u00c1S DESTACADAS<\/strong><\/p>\n<p><strong>Sensor de imagen Ultra HD 4K<\/strong> Admite varias resoluciones: 4K (Ultra HD) a 30 fps, 1080p (Full HD) a 30 o 60 fps y 720p (HD) a 30, 60 o 90 fps para elegir la m\u00e1s apropiada seg\u00fan la calidad ofrecida por la aplicaci\u00f3n y el monitor.<\/p>\n<p><strong>RightLight&#x2122; 3 con HDR<\/strong> Ofrece la mejor imagen en cualquier condici\u00f3n de iluminaci\u00f3n, desde luz escasa a luz solar directa o contraste alto.<\/p>\n<p><strong>Inicio de sesi\u00f3n ultra seguro con sensor de infrarrojos<\/strong> La tecnolog\u00eda infrarroja posibilita el reconocimiento facial para seguridad avanzada con Windows Hello&#x2122; u otro software de reconocimiento facial.<\/p>\n<p><strong>Zoom digital 5X<\/strong> Para ver las cosas m\u00e1s detalladamente Aplique zoom y mu\u00e9vase por el entorno con precisi\u00f3n usando los controles de aplicaci\u00f3n o Logitech.<\/p>\n<p><strong>Campo de visi\u00f3n expansivo<\/strong> Ajuste su campo de visi\u00f3n de 90\u00b0 para mostrar m\u00e1s cosas o incluir a m\u00e1s personas en la imagen. O use un valor de 65\u00b0 o 78\u00b0 para centrarse en algo o alguien m\u00e1s concreto.<\/p>\n<p><strong>N\u00edtidos componentes \u00f3pticos con enfoque autom\u00e1tico<\/strong> Colaboraci\u00f3n cara a cara mejorada. BRIO es lo m\u00e1s parecido a la comunicaci\u00f3n en persona. La tecnolog\u00eda avanzada de Logitech con enfoque autom\u00e1tico ofrece una extraordinaria calidad de v\u00eddeo, con excelente resoluci\u00f3n, velocidad, fluidez, equilibrio de color y grado de detalle.<\/p>\n<p><strong>Certificaci\u00f3n para negocios<\/strong> Las certificaciones empresariales 2 garantizan que la pr\u00f3xima presentaci\u00f3n o reuni\u00f3n con v\u00eddeo se puede iniciar con total confianza.<\/p>\n<p><strong>Micr\u00f3fonos omnidireccionales<\/strong> Dos micr\u00f3fonos omnidireccionales con cancelaci\u00f3n de ruido proporcionan audio de calidad profesional. Tambi\u00e9n funcionan con Microsoft\u00ae Cortana\u00ae.<\/p>\n<p><strong>Varias opciones de montaje<\/strong> Libertad para montar la c\u00e1mara donde m\u00e1s convenga (pantalla LCD, port\u00e1til o sobre la mesa) mediante el clip extra\u00edble o la rosca para tr\u00edpode integrada. El clip se puede acoplar a diversos tipos de pantalla.<\/p>\n<p><strong>Conexi\u00f3n USB Plug and Play<\/strong> Es f\u00e1cil de conectar a dispositivos PC, Mac\u00ae y Chrome&#x2122;, sin necesidad de software adicional.<\/p>\n<p><strong>Tapa de privacidad<\/strong> El modo de privacidad est\u00e1 disponible al instante usando la tapa de privacidad.<\/p>\n<p><strong>Varios tipos de conexi\u00f3n<\/strong> Posibilidad de usar USB 2.0 (hasta Full HD) y USB 3.0 (hasta 4K).<\/p>\n<p><strong>Funda protectora personalizada<\/strong> Los desplazamientos no tienen por qu\u00e9 impedir la comunicaci\u00f3n. La funda protectora personalizada tiene varios compartimentos para la c\u00e1mara y el clip y cable extra\u00edbles, para hacer m\u00e1s pr\u00e1cticos los viajes con BRIO.<\/p>\n<ul>\n<li><strong>ESPECIFICACIONES DEL PRODUCTO: <\/strong>BRIO N\u00ba de referencia: 960-001106 C\u00f3digo EAN: 5099206068100<strong><br \/>\n<\/strong><\/li>\n<li><strong>REQUISITOS DEL SISTEMA:\u00a0<\/strong>Windows 7, Windows 8.1 o Windows 10<br \/>\nMac OS X\u00ae 10.7 o posterior<br \/>\nGoogle Chromebook&#x2122; 29.0.1547.70,<br \/>\nPlataforma 4319.79.0 con:<br \/>\nProcesador Intel\u00ae Core 2 Duo a 2,4 GHz<br \/>\n2 GB de RAM o m\u00e1s<br \/>\nEspacio en el disco duro para los v\u00eddeos grabados<br \/>\nPuerto USB 2.0 (preparado para USB 3.0)<\/li>\n<li><strong>CERTIFICACIONES<\/strong>: Con certificaci\u00f3n para Skype\u00ae for Business3 , Windows\u00ae, Mac y con certificaci\u00f3n para Microsoft Windows Hello&#x2122;<\/li>\n<li><strong>DIMENSIONES DE PRODUCTO + PESO:\u00a0<\/strong>C\u00e1mara 102 x 27 x 27 mm 4 x 1 x 1&#8243; 63 g \/ 2,2 oz Clip 36 x 99 x 6 mm 1,4 x 3,9 x 0,22&#8243; 44 g \/ 1,5 oz Cable 2,2 m 7,2&#8242; 63 g \/ 2,2 oz<\/li>\n<li><strong>COMPATIBILIDAD: <\/strong>Compatible con UVC\/Plug and Play Funciona con Cortana Compatibilidad con Cisco Jabber&#x2122; y WebEx\u00ae<\/li>\n<li><strong>CONTENIDO DE LA CAJA:\u00a0<\/strong>C\u00e1mara Web, clip extra\u00edble y cable USB 3.0 (compatible con USB 2.0 y tipo C)<\/li>\n<li><strong>DESCARGAS DE SOFTWARE:\u00a0<\/strong>Dise\u00f1ada para funcionar con el controlador de clase de v\u00eddeo USB integrado en el sistema operativo La aplicaci\u00f3n de ajustes de c\u00e1mara opcional proporciona: Campo de visi\u00f3n ajustable Ajustes de configuraci\u00f3n de la c\u00e1mara Panor\u00e1mico, inclinaci\u00f3n y zoom Proyecto del laboratorio Logitech para combinaci\u00f3n de fondo con tecnolog\u00eda Personify Descarga disponible desde: www.logitech.com\/support\/brio<\/li>\n<li><strong>GARANT\u00cdA<\/strong>: Tres a\u00f1os de garant\u00eda de hardware limitada<\/li>\n<\/ul>\n","protected":false},"excerpt":{"rendered":"<p>Brio ofrece la mejor de sus c\u00e1maras Web, con 4K UHD y zoom 5X para una calidad de v\u00eddeo realmente extraordinaria.<\/p>\n","protected":false},"featured_media":5538,"comment_status":"open","ping_status":"closed","template":"","meta":[],"_links":{"self":[{"href":"https:\/\/www.etico.mx\/index.php?rest_route=\/wp\/v2\/product\/5513"}],"collection":[{"href":"https:\/\/www.etico.mx\/index.php?rest_route=\/wp\/v2\/product"}],"about":[{"href":"https:\/\/www.etico.mx\/index.php?rest_route=\/wp\/v2\/types\/product"}],"replies":[{"embeddable":true,"href":"https:\/\/www.etico.mx\/index.php?rest_route=%2Fwp%2Fv2%2Fcomments&post=5513"}],"wp:featuredmedia":[{"embeddable":true,"href":"https:\/\/www.etico.mx\/index.php?rest_route=\/wp\/v2\/media\/5538"}],"wp:attachment":[{"href":"https:\/\/www.etico.mx\/index.php?rest_route=%2Fwp%2Fv2%2Fmedia&parent=5513"}],"curies":[{"name":"wp","href":"https:\/\/api.w.org\/{rel}","templated":true}]}}