{"id":5575,"date":"2020-08-20T17:03:31","date_gmt":"2020-08-20T23:03:31","guid":{"rendered":"https:\/\/www.etico.mx\/?post_type=product&#038;p=5575"},"modified":"2020-09-17T14:39:01","modified_gmt":"2020-09-17T20:39:01","slug":"rally","status":"publish","type":"product","link":"https:\/\/www.etico.mx\/?product=rally","title":{"rendered":"Rally"},"content":{"rendered":"<p>Logitech Rally ofrece un sistema de im\u00e1genes en Ultra-HD, entregando videos de incre\u00edble calidad, color sorprendente y resoluci\u00f3n excepcional de hasta 4K. El sistema de audio modular trae excelente calidad de audio e inigualable claridad de voz hasta tu escritorio. Rally incluye una bocina y un micr\u00f3fono para salas de juntas medianas y grandes. Para espacios m\u00e1s amplios, se pueden ofrecer componentes adicionales vendidos por separado. Los componentes auditivos modulares de Rally hacen que tanto bocinas como micr\u00f3fonos puedan ser colocados en donde sea que los necesites, logrando cobertura total en tu sala de juntas.<\/p>\n<p>Rally soporta hasta 7 micr\u00f3fonos, ayud\u00e1ndote a crear la configuraci\u00f3n perfecta de audio en tu espacio. Rally cuenta con la tecnolog\u00eda proactiva RightSense, que logra que tus reuniones sean f\u00e1ciles y en autom\u00e1tico. RightSight auto-encuadra a todos los participantes sin importar la distancia a la que se encuentren de la lente, RightLight prioriza las caras sobre el ambiente, brindando una imagen natural, mientras que RightSound brinda claridad vocal al suprimir el ruido de fondo, auto-nivelando las voces y enfoc\u00e1ndose en los ponentes activos.<\/p>\n<p>RightSense es compatible con casi cualquier aplicaci\u00f3n para video conferencias que funcione con dispositivos USB, incluyendo Google Hangouts Meet, Microsoft Skype for Business and Teams y Zoom. Con dise\u00f1o elegante, acabados premium, disposici\u00f3n c\u00f3moda de cableado y audio modular, Rally integra belleza a cualquier habitaci\u00f3n.<\/p>\n<p style=\"text-align: center;\"><strong>Caracter\u00edsticas y Beneficios<\/strong><\/p>\n<p><strong>Calidad de Video Excepcional:<\/strong> Con un sistema de im\u00e1genes Ultra-HD, Rally ofrece excelente video, incre\u00edble color y exactitud \u00f3ptica excepcional hasta en 4K.<\/p>\n<p><strong>Vista Panor\u00e1mica, Inclinaci\u00f3n y Zoom Adaptables\u00a0<\/strong>Tan silencioso como un suspiro, el motor PTZ ajusta la vista panor\u00e1mica y la velocidad de inclinaci\u00f3n con la cantidad de zoom utilizado. El resultado: Movimientos de c\u00e1mara m\u00e1s r\u00e1pidos al alejar el zoom, aminorando el tiempo de enfoque, y alentando el proceso al acercarlo, para un mayor control.<\/p>\n<p><strong>Dise\u00f1o Industrial Pulcro\u00a0<\/strong>Esta c\u00e1mara PTZ premium est\u00e1 elegantemente fabricada en color negro mate y molduras de metal gris, complementada por componentes de audio y accesorios de dise\u00f1o pulcro, que se ven geniales en cualquier habitaci\u00f3n.<\/p>\n<p><strong>Audio Modular Avanzado<\/strong> Rally entrega sonido natural, brillante y altamente entendible. Los sensibles Mic Pods aseguran que cualquier persona dentro de la sala de juntas ser\u00e1 claramente escuchada, mientras que un solo orador podr\u00e1 llenar habitaciones m\u00e1s grandes con sonido real enriquecido.<\/p>\n<p><strong>Audio para el Frente de la Habitaci\u00f3n<\/strong> Los altavoces de Rally est\u00e1n dise\u00f1ados para ser colocados al frente de la habitaci\u00f3n, pues al colocar los micr\u00f3fonos sobre la mesa, las voces y el sonido llevar\u00e1n una direcci\u00f3n natural \u2013 nunca desde atr\u00e1s \u2013 haciendo que las conversaciones sean m\u00e1s naturales y reales.<\/p>\n<p><strong>Hasta 7 Micr\u00f3fonos<\/strong> En salas de juntas m\u00e1s amplias agrega hasta siete micr\u00f3fonos a Rally para expandir la cobertura del audio y dar acceso oportuno a los silenciadores.<\/p>\n<p><strong>Disposici\u00f3n del Cableado e Integraci\u00f3n del Contenido Inteligentes<\/strong> Con un Hub de Pantalla y el Hub de Escritorio es posible mantener el cableado organizado, as\u00ed, los componentes de Rally y la PC utilizada se mantendr\u00e1n fuera de visibilidad.<\/p>\n<p><strong>Fuerte y Claro<\/strong> Los amplificadores internos del Hub de Pantalla pueden dar vida hasta a dos bocinas, entregando sonido de alta calidad, incluso en salas de juntas grandes.<\/p>\n<p><strong>Cableado de Micr\u00f3fonos Flexible Opcional<\/strong> El Hub de Micr\u00f3fonos de Rally minimiza el cableado sobre la mesa con tres conectores para micr\u00f3fonos o para Hubs de Micr\u00f3fonos adicionales, lo que vuelve posible que cada participante tenga un micr\u00f3fono y un bot\u00f3n silenciador al alcance de su mano.<\/p>\n<p><strong>Kit de Montaje Opcional<\/strong> El Kit de Montaje de Rally permite colocar el equipo y sus componentes de forma est\u00e9tica.<\/p>\n<p>La tecnolog\u00eda RightSense de Logitech utilizada en Rally automatiza una mejor experiencia de usuario. RightSight auto-enfoca perfectamente a los participantes, sin importar la distancia a la que se encuentren de la lente. RightLight prioriza las caras sobre el ambiente para otorgar tonos de piel naturales, mientras que RightSound brinda claridad vocal al suprimir el ruido de fondo y enfocar a los oradores activos, todo para crear el ambiente perfecto en cada reuni\u00f3n<\/p>\n<p><strong>RightLight\u00a0<\/strong>Logitech RightLight apoya a que todos se vean lo mejor posible en la c\u00e1mara, sin importar las condiciones de luz de la habitaci\u00f3n. RightLight reduce el ruido del video, optimiza el balance de luz y modifica el color y la saturaci\u00f3n para entregar resultados naturales para cada color de piel.<\/p>\n<p><strong>RightSight\u00a0<\/strong>La tecnolog\u00eda de control de c\u00e1mara Logitech RightSight mueve autom\u00e1ticamente la lente y ajusta el zoom para que nadie quede fuera de toma. RightSight detecta figuras humanas completas, no solo caras, para asegurar que los participantes de la reuni\u00f3n permanezcan en el rango de visibilidad y est\u00e9n \u00f3ptimamente enfocados en la imagen.<\/p>\n<p><strong>RightSound<\/strong> Logitech RightSound es una suite de tecnolog\u00edas de procesamiento de audio e innovaciones que integra sonido de clase empresarial a las videoconferencias. Optimizado para la voz humana, RightSound reduce los sonidos no deseados y ecos en la bocina activa para reproducir cada palabra con claridad sin igual.<\/p>\n<p style=\"text-align: center;\"><strong>ACCESORIOS<\/strong><\/p>\n<p><strong>ALTAVOZ RALLY<\/strong>: Rally soporta hasta dos altavoces para las salas de juntas grandes.<\/p>\n<p><strong>MICR\u00d3FONO RALLY<\/strong>: Se pueden conectar hasta siete micr\u00f3fonos a Rally para un audio expandido en las salas m\u00e1s grandes.<\/p>\n<p><strong>HUB DE MICR\u00d3FONOS RALLY (OPCIONAL)<\/strong>: Conecta de uno a tres Micr\u00f3fonos Rally para un cableado m\u00e1s flexible y limpio.<\/p>\n<p><strong>KIT DE MONTAJE RALLY<\/strong>: El Kit de Montaje de Rally incluye retenedores para cables y piezas de montaje para la c\u00e1mara, dos altavoces, un Hub de Escritorio y un Hub de Pantalla.<\/p>\n<p style=\"text-align: center;\"><strong>ESPECIFICACIONES T\u00c9CNICAS<\/strong><\/p>\n<p><strong>RALLY CAMERA<\/strong>: Sistema de im\u00e1genes Ultra-HD que soporta: \u2022 4K, 1440p, 1080p, 900p, 720p y SD a 30fps \u2022 1080p y 720p a 30fps y 60fps Vista panor\u00e1mica, inclinaci\u00f3n y zoom motorizados Vista panor\u00e1mica: \u00b190\u00b0 Inclinaci\u00f3n: +50\u00b0\/-90\u00b0 Zoom 15x HD Campo de visibilidad de 90\u00b0 Velocidad de adaptaci\u00f3n de vista panor\u00e1mica e inclinaci\u00f3n de hasta 70\u00b0\/segundo (Se reduce cuando el zoom se acerca, para mayor control) Detecci\u00f3n autom\u00e1tica de la orientaci\u00f3n de la imagen, que invierte el sentido cuando la c\u00e1mara est\u00e1 montada en el techo de la habitaci\u00f3n Auto-enfoque 3 configuraciones predeterminadas Ranura de seguridad Kensington Indicador LED del silenciador de video Pieza de montaje est\u00e1ndar Modo dormir de c\u00e1mara a -90\u00b0 para asegurar privacidad.<\/p>\n<p><strong>MICR\u00d3FONOS RALLY<\/strong>: Rango de acci\u00f3n: 15 ft\/4.5 m de di\u00e1metro N\u00famero de participantes recomendados: \u2022 Un micr\u00f3fono: 10 \u2022 Dos micr\u00f3fonos: 16 \u2022 Participantes adicionales por cada micr\u00f3fono: 6 \u2022 Participantes recomendados para Rally con 7 micr\u00f3fonos: 46 Cuatro micr\u00f3fonos con ocho elementos de conformaci\u00f3n de haz Bot\u00f3n para silenciar con indicador LED de status Longitud de cable: 9.6 ft\/2.95 m Sistema de cableado para siete Micr\u00f3fonos Rally.<\/p>\n<p><strong>ALTAVOZ RALLY:<\/strong> Driver de alto rendimiento de 3 inch\/76 mm Suspensi\u00f3n A\u00e9rea Right Sound (Patente pendiente) que elimina la vibraci\u00f3n, agitaci\u00f3n e interferencia de audio Cable mini XLR de 9.6 ft\/2.95 m que conecta Rally al Hub de Pantalla para encendido y proyecci\u00f3n.<\/p>\n<p><strong>HUB DE ESCRITORIO RALLY<\/strong>: Conexi\u00f3n de un solo cable (CAT6a) hacia el Hub de Pantalla Rally (16.4 ft\/5 m) Cable CAT6a Ethernet incluido, soporta cualquier cable hasta 164 ft\/50 m Detecci\u00f3n activa de altavoz: analiza el audio de hasta siete micr\u00f3fonos y 56 transmisiones cada 8ms Conector de 12 pines para Micr\u00f3fonos Rally HDMI tipo A para compartir contenido HDMI tipo A para proyecci\u00f3n en pantalla Cable de conexi\u00f3n el\u00e9ctrica USB tipo C (Capacidad para Ultra-HD\/4K) USB tipo A (Reservado para futuras capacidades) USB tipo C (Para conectar a la computadora para reuniones) RJ45 (Ethernet).<\/p>\n<p><strong>HUB DE PANTALLA RALLY<\/strong>: HDMI tipo A (x2) para conectar a pantallas Cable de conexi\u00f3n el\u00e9ctrica USB tipo C (Se conecta a Rally Camera) USB tipo B (Se conecta a la computadora para reuniones) RJ45 (Se conecta al Hub de Escritorio) Mini XLR (x2) para conectar a los Altavoces Rally Amplificadores duales para los Altavoces Rally.<\/p>\n<p><strong>CONTROL REMOTO<\/strong>: Control remoto RF (L\u00ednea de visi\u00f3n directa no requerida) Bater\u00eda CR2032 (Incluida)<\/p>\n<p><strong>CABLES\/ENCENDIDO<\/strong>: De la c\u00e1mara a Hub de Pantalla Cable de 6.5 ft\/2 m USB 3.1 tipo C a USB 3.1 tipo C De la computadora de la sala de juntas a la pantalla o al Hub de Escritorio Cable de 6.5 ft\/2 m USB 3.1 tipo C a USB tipo B Del Hub de Pantalla al Hub de Escritorio Cable de 16.4 ft\/5 m CAT6a (Ethernet) (Soporta cables gen\u00e9ricos de hasta 50 ft\/15m) Del Hub de Pantalla al altavoz (x2) Cable de 9.6 ft\/2.95 m Mini XLR (Soporta extensiones gen\u00e9ricas de hasta 9.8 ft\/3 m) De la computadora de la sala de juntas a la pantalla (x2) Cable de 6.5 ft\/2 m HDMI tipo A Micr\u00f3fonos Cable de 9.6 ft\/2.95 m cableado con conector de doce pines De la fuente de energ\u00eda al receptor de energ\u00eda (x2) Cable de 3.2 ft\/1 m De la fuente de energ\u00eda al receptor de energ\u00eda (x2) Cable de 3.2 ft\/1 m De la fuente de energ\u00eda al Hub de Escritorio\/Hub de Pantalla (x2) Cable de 4.9 ft\/1.5 m.<\/p>\n<p><strong>TECNOLOG\u00cdA RIGHTSENSE<\/strong>: RightLight con Amplio Rango Din\u00e1mico (WDR) RightSight para control autom\u00e1tico de c\u00e1mara* Matriz de micr\u00f3fono RightSound Suspensi\u00f3n de Aire para altavoces RightSound.<\/p>\n<p><strong>TECNOLOG\u00cdA RIGHTSENSE<\/strong>: RightLight con Amplio Rango Din\u00e1mico (WDR) RightSight para control autom\u00e1tico de c\u00e1mara* Matriz de micr\u00f3fono RightSound Suspensi\u00f3n de Aire para altavoces RightSound<\/p>\n<p><strong>COMPATIBILIDAD E INTEGRACIONES<\/strong>: Conectividad USB Plug&amp;Play Certificada para Skype for Business y lista para Teams Certificada para el hardware Google Hangouts Meet Certificada por Zoom Compatible con Cisco Compatible con BlueJeans, BroadSoft, GoToMeeting, Vidyo y otras aplicaciones para video conferencias, grabaci\u00f3n de video y broadcasting que soporten c\u00e1maras USB<\/p>\n<p>&nbsp;<\/p>\n","protected":false},"excerpt":{"rendered":"<p>Logitech Rally ofrece un sistema de im\u00e1genes en Ultra-HD, entregando videos de incre\u00edble calidad, color sorprendente y resoluci\u00f3n excepcional de hasta 4K. El sistema de audio modular trae excelente calidad de audio e inigualable claridad de voz hasta tu escritorio&#8230;.<\/p>\n","protected":false},"featured_media":5576,"comment_status":"open","ping_status":"closed","template":"","meta":[],"_links":{"self":[{"href":"https:\/\/www.etico.mx\/index.php?rest_route=\/wp\/v2\/product\/5575"}],"collection":[{"href":"https:\/\/www.etico.mx\/index.php?rest_route=\/wp\/v2\/product"}],"about":[{"href":"https:\/\/www.etico.mx\/index.php?rest_route=\/wp\/v2\/types\/product"}],"replies":[{"embeddable":true,"href":"https:\/\/www.etico.mx\/index.php?rest_route=%2Fwp%2Fv2%2Fcomments&post=5575"}],"wp:featuredmedia":[{"embeddable":true,"href":"https:\/\/www.etico.mx\/index.php?rest_route=\/wp\/v2\/media\/5576"}],"wp:attachment":[{"href":"https:\/\/www.etico.mx\/index.php?rest_route=%2Fwp%2Fv2%2Fmedia&parent=5575"}],"curies":[{"name":"wp","href":"https:\/\/api.w.org\/{rel}","templated":true}]}}