{"id":5598,"date":"2020-08-21T16:21:21","date_gmt":"2020-08-21T22:21:21","guid":{"rendered":"https:\/\/www.etico.mx\/?post_type=product&#038;p=5598"},"modified":"2020-08-21T16:25:13","modified_gmt":"2020-08-21T22:25:13","slug":"zone","status":"publish","type":"product","link":"https:\/\/www.etico.mx\/?product=zone","title":{"rendered":"Zone"},"content":{"rendered":"<p>Bluetooth Headset Zone Wireless<\/p>\n<p><strong>LOGITECH ZONE WIRELESS Y MSFT TEAMS ZONE WIRELESS <\/strong><\/p>\n<p>Aud\u00edfonos con micr\u00f3fono Bluetooth dise\u00f1ados para ayudarte a trabajar en cualquier sitio con sonido excepcional, micr\u00f3fono volteable para silenciar y carga inal\u00e1mbrica Qi.<\/p>\n","protected":false},"excerpt":{"rendered":"<p>Aud\u00edfonos con micr\u00f3fono Bluetooth dise\u00f1ados para ayudarte a trabajar en cualquier sitio con sonido excepcional, micr\u00f3fono volteable para silenciar y carga inal\u00e1mbrica Qi.<\/p>\n","protected":false},"featured_media":5599,"comment_status":"open","ping_status":"closed","template":"","meta":[],"_links":{"self":[{"href":"https:\/\/www.etico.mx\/index.php?rest_route=\/wp\/v2\/product\/5598"}],"collection":[{"href":"https:\/\/www.etico.mx\/index.php?rest_route=\/wp\/v2\/product"}],"about":[{"href":"https:\/\/www.etico.mx\/index.php?rest_route=\/wp\/v2\/types\/product"}],"replies":[{"embeddable":true,"href":"https:\/\/www.etico.mx\/index.php?rest_route=%2Fwp%2Fv2%2Fcomments&post=5598"}],"wp:featuredmedia":[{"embeddable":true,"href":"https:\/\/www.etico.mx\/index.php?rest_route=\/wp\/v2\/media\/5599"}],"wp:attachment":[{"href":"https:\/\/www.etico.mx\/index.php?rest_route=%2Fwp%2Fv2%2Fmedia&parent=5598"}],"curies":[{"name":"wp","href":"https:\/\/api.w.org\/{rel}","templated":true}]}}